{"id":7,"date":"2025-12-28T15:21:24","date_gmt":"2025-12-28T15:21:24","guid":{"rendered":"https:\/\/kikamaka.fi\/?page_id=7"},"modified":"2025-12-28T18:22:52","modified_gmt":"2025-12-28T18:22:52","slug":"__trashed","status":"publish","type":"page","link":"https:\/\/kikamaka.fi\/","title":{"rendered":""},"content":{"rendered":"\n<div class=\"wp-block-group alignfull is-layout-flow wp-container-core-group-is-layout-f9cb6abc wp-block-group-is-layout-flow\" style=\"margin-top:0;margin-bottom:0\">\n<div class=\"wp-block-columns alignfull is-style-section-2 is-layout-flex wp-container-core-columns-is-layout-d9884270 wp-block-columns-is-layout-flex is-style-section-2--1\" style=\"padding-top:0;padding-bottom:0\">\n<div class=\"wp-block-column has-background is-layout-flow wp-block-column-is-layout-flow\" style=\"background-color:#ffffff;flex-basis:50%\"><\/div>\n\n\n\n<div class=\"wp-block-column has-base-background-color has-background is-layout-flow wp-block-column-is-layout-flow\" style=\"flex-basis:50%\"><\/div>\n<\/div>\n<\/div>\n\n\n\n<div class=\"wp-block-cover alignfull is-light has-contrast-color has-text-color has-link-color has-large-font-size wp-elements-4d28e2e1ef12344fb969250e4556eefc\" style=\"margin-top:0;margin-bottom:0;padding-top:200px;padding-right:var(--wp--preset--spacing--50);padding-bottom:200px;padding-left:var(--wp--preset--spacing--50);min-height:100px;aspect-ratio:unset;\"><img loading=\"lazy\" decoding=\"async\" width=\"1920\" height=\"1071\" class=\"wp-block-cover__image-background wp-image-46 size-full\" alt=\"\" src=\"https:\/\/kikamaka.fi\/wp-content\/uploads\/2025\/12\/Kikamaka3.jpg\" style=\"object-position:46% 100%\" data-object-fit=\"cover\" data-object-position=\"46% 100%\" srcset=\"https:\/\/kikamaka.fi\/wp-content\/uploads\/2025\/12\/Kikamaka3.jpg 1920w, https:\/\/kikamaka.fi\/wp-content\/uploads\/2025\/12\/Kikamaka3-300x167.jpg 300w, https:\/\/kikamaka.fi\/wp-content\/uploads\/2025\/12\/Kikamaka3-1024x571.jpg 1024w, https:\/\/kikamaka.fi\/wp-content\/uploads\/2025\/12\/Kikamaka3-768x428.jpg 768w, https:\/\/kikamaka.fi\/wp-content\/uploads\/2025\/12\/Kikamaka3-1536x857.jpg 1536w\" sizes=\"auto, (max-width: 1920px) 100vw, 1920px\" \/><span aria-hidden=\"true\" class=\"wp-block-cover__background has-base-background-color has-background-dim-10 has-background-dim\"><\/span><div class=\"wp-block-cover__inner-container has-global-padding is-layout-constrained wp-container-core-cover-is-layout-d47c59a2 wp-block-cover-is-layout-constrained\">\n<div class=\"wp-block-group is-vertical is-content-justification-center is-layout-flex wp-container-core-group-is-layout-ce155fab wp-block-group-is-layout-flex\">\n<h1 class=\"wp-block-heading has-text-color has-link-color wp-elements-67a57ecac729ce5698a5e62815e5a7f5\" style=\"color:#7589b6;font-size:clamp(2.244rem, 2.244rem + ((1vw - 0.2rem) * 2.911), 4.1rem);\"><strong>KikaMaka Oy<\/strong><\/h1>\n<\/div>\n\n\n\n<p class=\"has-text-align-center has-text-color has-link-color has-x-large-font-size wp-elements-6b5f1ee318f45c502e6acfed8006c9ec\" style=\"color:#9cafd2\"><strong>Yrityksen syd\u00e4men asialla<\/strong><\/p>\n\n\n\n<p class=\"has-text-align-center has-contrast-color has-text-color has-link-color has-large-font-size wp-elements-2cbb2e3582badf929625e680ea40d87c\"><strong>Olemme yrityksen arvon kasvattamisen, toiminnan kehitt\u00e4misen ja yrityskaupan asiantuntija.<br><br>Palveluihimme kuuluvat mm. strategiaty\u00f6, markkinoinnin ja myynnin kehitt\u00e4minen sek\u00e4 johdon tuki muutos- ja kriisitilanteissa.<br><br>Asetamme kunnianhimoiset tavoitteet ja saavutamme ne. Toteutamme hankkeet takuuty\u00f6n\u00e4.<br><br>Miten voimme palvella sinua? <br><\/strong><br><strong>Ota rohkeasti yhteytt\u00e4!<\/strong><\/p>\n\n\n\n<div class=\"wp-block-buttons is-content-justification-center is-layout-flex wp-container-core-buttons-is-layout-a89b3969 wp-block-buttons-is-layout-flex\"><\/div>\n<\/div><\/div>\n\n\n\n<aside class=\"wp-block-group alignfull is-style-section-3 has-background has-global-padding is-layout-constrained wp-container-core-group-is-layout-f0f2a97b wp-block-group-is-layout-constrained is-style-section-3--2\" style=\"background:linear-gradient(180deg,rgba(255,255,255,0.23) 0%,rgb(166,187,231) 100%);margin-top:0;margin-bottom:0;padding-top:var(--wp--preset--spacing--50);padding-right:var(--wp--preset--spacing--50);padding-bottom:var(--wp--preset--spacing--50);padding-left:var(--wp--preset--spacing--50)\">\n<div class=\"wp-block-group is-vertical is-content-justification-center is-layout-flex wp-container-core-group-is-layout-8778ca4a wp-block-group-is-layout-flex\" style=\"min-height:360px;margin-top:0;margin-bottom:0\">\n<h3 class=\"wp-block-heading has-text-align-center has-large-font-size\"><strong>Yhteystiedot<\/strong><\/h3>\n\n\n\n<p class=\"has-text-align-center is-style-text-subtitle has-large-font-size is-style-text-subtitle--3\">KikaMaka Oy<br>3331517-2<\/p>\n\n\n\n<p class=\"has-text-align-center has-medium-font-size\">Mauri Kauppila<br>0400 411 501<br>mauri.kauppila@kikamaka.fi<br><br>Kim Kauppila<br>040 120 2920<br><br>Kauppakartanonkatu 8 A 9<br>00930 HELSINKI<\/p>\n\n\n\n<div style=\"height:0px\" aria-hidden=\"true\" class=\"wp-block-spacer wp-container-content-62aae154\"><\/div>\n\n\n\n<div class=\"wp-block-buttons is-content-justification-center is-layout-flex wp-container-core-buttons-is-layout-a89b3969 wp-block-buttons-is-layout-flex\"><\/div>\n<\/div>\n<\/aside>\n","protected":false},"excerpt":{"rendered":"<p>Yhteystiedot KikaMaka Oy3331517-2 Mauri Kauppila0400 411 501mauri.kauppila@kikamaka.fi Kim Kauppila040 120 2920 Kauppakartanonkatu 8 A 900930 HELSINKI<\/p>\n","protected":false},"author":1,"featured_media":0,"parent":0,"menu_order":0,"comment_status":"closed","ping_status":"closed","template":"","meta":{"footnotes":""},"class_list":["post-7","page","type-page","status-publish","hentry"],"_links":{"self":[{"href":"https:\/\/kikamaka.fi\/index.php?rest_route=\/wp\/v2\/pages\/7","targetHints":{"allow":["GET"]}}],"collection":[{"href":"https:\/\/kikamaka.fi\/index.php?rest_route=\/wp\/v2\/pages"}],"about":[{"href":"https:\/\/kikamaka.fi\/index.php?rest_route=\/wp\/v2\/types\/page"}],"author":[{"embeddable":true,"href":"https:\/\/kikamaka.fi\/index.php?rest_route=\/wp\/v2\/users\/1"}],"replies":[{"embeddable":true,"href":"https:\/\/kikamaka.fi\/index.php?rest_route=%2Fwp%2Fv2%2Fcomments&post=7"}],"version-history":[{"count":26,"href":"https:\/\/kikamaka.fi\/index.php?rest_route=\/wp\/v2\/pages\/7\/revisions"}],"predecessor-version":[{"id":29,"href":"https:\/\/kikamaka.fi\/index.php?rest_route=\/wp\/v2\/pages\/7\/revisions\/29"}],"wp:attachment":[{"href":"https:\/\/kikamaka.fi\/index.php?rest_route=%2Fwp%2Fv2%2Fmedia&parent=7"}],"curies":[{"name":"wp","href":"https:\/\/api.w.org\/{rel}","templated":true}]}}